{"id":1381,"date":"2020-02-27T12:25:14","date_gmt":"2020-02-27T11:25:14","guid":{"rendered":"https:\/\/www.tierarzt-kusan.de\/_baustelle\/?page_id=1381"},"modified":"2023-01-27T00:58:56","modified_gmt":"2023-01-26T23:58:56","slug":"mein-weg-zum-gold","status":"publish","type":"page","link":"https:\/\/www.tierarzt-kusan.de\/goldimplantation\/mein-weg-zum-gold\/","title":{"rendered":"Mein Weg zum Gold"},"content":{"rendered":"<p>[et_pb_section fb_built=&#8220;1&#8243; next_background_color=&#8220;#ffffff&#8220; module_id=&#8220;die-goldimplantation&#8220; _builder_version=&#8220;4.0.11&#8243; background_color=&#8220;#e8b923&#8243; custom_margin=&#8220;||||false|false&#8220; custom_padding=&#8220;24px||32px||false|&#8220; bottom_divider_style=&#8220;ramp2&#8243; bottom_divider_height=&#8220;30px&#8220; locked=&#8220;off&#8220; global_colors_info=&#8220;{}&#8220;][et_pb_row _builder_version=&#8220;4.2&#8243; custom_padding=&#8220;0px||0px|||&#8220; global_colors_info=&#8220;{}&#8220;][et_pb_column type=&#8220;4_4&#8243; _builder_version=&#8220;4.0.7&#8243; global_colors_info=&#8220;{}&#8220;][et_pb_text _builder_version=&#8220;4.0.11&#8243; text_font=&#8220;Montserrat||||&#8220; text_text_color=&#8220;#353740&#8243; text_font_size=&#8220;20px&#8220; text_line_height=&#8220;1.8em&#8220; header_font=&#8220;Asap|700|||||||&#8220; header_text_color=&#8220;#FFFFFF&#8220; header_font_size=&#8220;38px&#8220; header_letter_spacing=&#8220;2px&#8220; header_line_height=&#8220;1.3em&#8220; header_2_font=&#8220;Asap|700|||||||&#8220; header_2_text_color=&#8220;#FFFFFF&#8220; header_2_font_size=&#8220;38px&#8220; header_2_letter_spacing=&#8220;2px&#8220; header_2_line_height=&#8220;1.3em&#8220; header_3_font=&#8220;Asap|700|||||||&#8220; header_3_text_color=&#8220;#FFFFFF&#8220; header_3_font_size=&#8220;34px&#8220; header_3_letter_spacing=&#8220;2px&#8220; header_3_line_height=&#8220;1.3em&#8220; header_4_font=&#8220;Asap|700|||||||&#8220; header_4_text_color=&#8220;#FFFFFF&#8220; header_4_font_size=&#8220;34px&#8220; header_4_letter_spacing=&#8220;2px&#8220; header_4_line_height=&#8220;1.3em&#8220; custom_margin=&#8220;||-1px|||&#8220; custom_padding=&#8220;||1px|||&#8220; animation_style=&#8220;fade&#8220; animation_direction=&#8220;top&#8220; animation_duration=&#8220;700ms&#8220; header_font_size_tablet=&#8220;34px&#8220; header_font_size_phone=&#8220;26px&#8220; header_font_size_last_edited=&#8220;on|phone&#8220; header_2_font_size_tablet=&#8220;34px&#8220; header_2_font_size_phone=&#8220;26px&#8220; header_2_font_size_last_edited=&#8220;on|phone&#8220; header_3_font_size_tablet=&#8220;30px&#8220; header_3_font_size_phone=&#8220;22px&#8220; header_3_font_size_last_edited=&#8220;on|phone&#8220; header_4_font_size_tablet=&#8220;30px&#8220; header_4_font_size_phone=&#8220;22px&#8220; header_4_font_size_last_edited=&#8220;on|phone&#8220; locked=&#8220;off&#8220; global_colors_info=&#8220;{}&#8220;]<\/p>\n<h1 style=\"text-align: center;\">\u00dcber mich \u2013 Evelyn Kusan<\/h1>\n<p>[\/et_pb_text][\/et_pb_column][\/et_pb_row][\/et_pb_section][et_pb_section fb_built=&#8220;1&#8243; admin_label=&#8220;Vorteile&#8220; _builder_version=&#8220;4.0.11&#8243; background_enable_color=&#8220;off&#8220; custom_margin=&#8220;||8px|||&#8220; custom_padding=&#8220;39px||39px||true|&#8220; locked=&#8220;off&#8220; global_colors_info=&#8220;{}&#8220;][et_pb_row column_structure=&#8220;2_5,3_5&#8243; admin_label=&#8220;Service Section Title&#8220; _builder_version=&#8220;4.0.11&#8243; width_tablet=&#8220;&#8220; width_phone=&#8220;88%&#8220; width_last_edited=&#8220;on|phone&#8220; custom_margin=&#8220;|auto|1px|auto||&#8220; animation_style=&#8220;fade&#8220; animation_direction=&#8220;top&#8220; saved_tabs=&#8220;all&#8220; locked=&#8220;off&#8220; global_colors_info=&#8220;{}&#8220;][et_pb_column type=&#8220;2_5&#8243; _builder_version=&#8220;3.25&#8243; custom_padding=&#8220;|||&#8220; global_colors_info=&#8220;{}&#8220; custom_padding__hover=&#8220;|||&#8220;][et_pb_image src=&#8220;https:\/\/www.tierarzt-kusan.de\/goldimplantation\/wp-content\/uploads\/2020\/02\/evelyn-kusan-portrait-2020.jpg&#8220; force_fullwidth=&#8220;on&#8220; align_tablet=&#8220;center&#8220; align_phone=&#8220;&#8220; align_last_edited=&#8220;on|desktop&#8220; _builder_version=&#8220;4.0.11&#8243; custom_margin=&#8220;||0px||false|false&#8220; border_radii=&#8220;on|5px|5px|5px|5px&#8220; box_shadow_style=&#8220;preset3&#8243; box_shadow_vertical=&#8220;30px&#8220; box_shadow_blur=&#8220;65px&#8220; box_shadow_spread=&#8220;-30px&#8220; box_shadow_color=&#8220;rgba(0,0,0,0.35)&#8220; locked=&#8220;off&#8220; global_colors_info=&#8220;{}&#8220;][\/et_pb_image][et_pb_button button_url=&#8220;@ET-DC@eyJkeW5hbWljIjp0cnVlLCJjb250ZW50IjoicG9zdF9saW5rX3VybF9wYWdlIiwic2V0dGluZ3MiOnsicG9zdF9pZCI6Ijc3MCJ9fQ==@&#8220; button_text=&#8220;\u00dcber mich&#8220; _builder_version=&#8220;4.5.3&#8243; _dynamic_attributes=&#8220;button_url&#8220; button_bg_color=&#8220;#ffffff&#8220; custom_margin=&#8220;20px||20px|0px|false|false&#8220; custom_padding=&#8220;1px|26px|1px|11px|false|false&#8220; locked=&#8220;off&#8220; global_colors_info=&#8220;{}&#8220;][\/et_pb_button][et_pb_button button_url=&#8220;https:\/\/www.tierarzt-homberg.de\/praxisteam\/&#8220; url_new_window=&#8220;on&#8220; button_text=&#8220;Mein Team&#8220; _builder_version=&#8220;4.5.3&#8243; button_bg_color=&#8220;#ffffff&#8220; custom_margin=&#8220;30px||20px||false|false&#8220; custom_padding=&#8220;1px|23px|1px|11px|false|false&#8220; locked=&#8220;off&#8220; global_colors_info=&#8220;{}&#8220;][\/et_pb_button][\/et_pb_column][et_pb_column type=&#8220;3_5&#8243; _builder_version=&#8220;3.25&#8243; custom_padding=&#8220;|||&#8220; global_colors_info=&#8220;{}&#8220; custom_padding__hover=&#8220;|||&#8220;][et_pb_text _builder_version=&#8220;4.0.11&#8243; text_font=&#8220;Montserrat||||&#8220; text_text_color=&#8220;#656565&#8243; text_font_size=&#8220;16px&#8220; text_line_height=&#8220;1.8em&#8220; header_font=&#8220;||||||||&#8220; custom_margin=&#8220;10px||||false|false&#8220; animation_direction=&#8220;top&#8220; text_font_size_tablet=&#8220;15px&#8220; text_font_size_phone=&#8220;15px&#8220; text_font_size_last_edited=&#8220;on|desktop&#8220; locked=&#8220;off&#8220; global_colors_info=&#8220;{}&#8220;]<\/p>\n<p><span style=\"color: #e09900;\"><strong>Mit Goldimplantaten sind schmerzbedingte Probleme zu l\u00f6sen, die mit Schulmedizin nicht zu l\u00f6sen sind.<\/strong><\/span><\/p>\n<p>Ich habe mich schon immer neben der Medizin auch f\u00fcr alternative Heilverfahren interessiert. Die andere Sicht und Herangehensweise auf Erkrankungen faszinierte mich. Die Akupunkturausbildung f\u00fchrte mich zum Thema Schmerzbehandlung und sp\u00e4ter zu den Goldimplantaten.<\/p>\n<p>Die Goldimplantation ist die perfekte M\u00f6glichkeit, anatomische-medizinisches Wissen sinnvoll mit ganzheitlichen Untersuchungsmethoden zu kombinieren.<\/p>\n<p>Es hat viele Jahre und Fortbildungen gedauert, bis ich gelernt hatte, mit meinen Fingern die Schmerzen meiner Patienten wahrzunehmen und ihren K\u00f6rper als Ganzes zu begreifen. Das individuelle Befinden meiner Patienten war f\u00fcr mich pl\u00f6tzlich wichtiger als die R\u00f6ntgenbefunde.<\/p>\n<p>Durch Beobachten und Analysieren der verschiedenen Gangbilder, vor allem durch die Therapie-Ergebnisse der Goldimplantationen, wurden mir viele Zusammenh\u00e4nge im Schmerzgeschehen erst bewusst. Manches, was ich als Medizinerin gelernt hatte, erschien mir pl\u00f6tzlich nicht mehr richtig.<\/p>\n<p>Bald erkannte ich, dass die Methode der Goldimplantation noch viel mehr Potential hat, als nur H\u00fcftgelenksdysplasie und Arthrosebehandlung. Den Ausschlag gaben, wie so oft, die eigenen Tiere mit nicht operablen Problemen (beidseitiger Patellaluxation und Wirbelfraktur), Tierschutzhunde, die jahrelang als hochaggressiv\u00a0geltend weggesperrt waren und die angeblich austherapierten Schmerz-Kunden. Auch f\u00fcr mich ist es heute noch manchmal unglaublich, was alles mit Goldimplantaten m\u00f6glich ist.<\/p>\n<p>Ich brenne f\u00fcr die Goldimplantation, weil es f\u00fcr viele Tiere die letzte oder einzige M\u00f6glichkeit ist schmerzfrei zu leben und weil ich den fr\u00f6hlichen, klaren Blick meiner \u201eGoldst\u00fccke\u201c einen Tag nach Goldimplantation so liebe.<\/p>\n<p>[\/et_pb_text][et_pb_video src=&#8220;https:\/\/youtu.be\/pw3SBLDof8Q&#8220; _builder_version=&#8220;4.14.8&#8243; _module_preset=&#8220;default&#8220; hover_enabled=&#8220;0&#8243; sticky_enabled=&#8220;0&#8243;][\/et_pb_video][et_pb_text _builder_version=&#8220;4.0.11&#8243; text_font=&#8220;||||||||&#8220; text_text_color=&#8220;#656565&#8243; text_line_height=&#8220;1.8em&#8220; header_font=&#8220;Asap|700|||||||&#8220; header_text_color=&#8220;#444444&#8243; header_font_size=&#8220;37px&#8220; header_letter_spacing=&#8220;2px&#8220; header_line_height=&#8220;1.3em&#8220; header_2_font=&#8220;Asap|700|||||||&#8220; header_2_text_color=&#8220;#e09900&#8243; header_2_font_size=&#8220;20px&#8220; header_2_letter_spacing=&#8220;2px&#8220; header_2_line_height=&#8220;1.3em&#8220; header_3_font=&#8220;Asap|700|||||||&#8220; header_3_text_color=&#8220;#444444&#8243; header_3_font_size=&#8220;34px&#8220; header_3_letter_spacing=&#8220;2px&#8220; header_3_line_height=&#8220;1.3em&#8220; header_4_font=&#8220;Asap|700|||||||&#8220; header_4_text_color=&#8220;#444444&#8243; header_4_font_size=&#8220;34px&#8220; header_4_letter_spacing=&#8220;2px&#8220; header_4_line_height=&#8220;1.3em&#8220; background_color=&#8220;#ffffff&#8220; width=&#8220;78%&#8220; width_tablet=&#8220;86%&#8220; width_phone=&#8220;100%&#8220; width_last_edited=&#8220;on|tablet&#8220; module_alignment=&#8220;center&#8220; custom_margin=&#8220;||25px||false|false&#8220; custom_padding=&#8220;8px||8px||true|false&#8220; animation_style=&#8220;fade&#8220; animation_duration=&#8220;700ms&#8220; header_font_size_tablet=&#8220;34px&#8220; header_font_size_phone=&#8220;26px&#8220; header_font_size_last_edited=&#8220;on|phone&#8220; header_2_font_size_tablet=&#8220;20px&#8220; header_2_font_size_phone=&#8220;17px&#8220; header_2_font_size_last_edited=&#8220;on|phone&#8220; header_3_font_size_tablet=&#8220;30px&#8220; header_3_font_size_phone=&#8220;22px&#8220; header_3_font_size_last_edited=&#8220;on|phone&#8220; header_4_font_size_tablet=&#8220;30px&#8220; header_4_font_size_phone=&#8220;22px&#8220; header_4_font_size_last_edited=&#8220;on|phone&#8220; global_colors_info=&#8220;{}&#8220;]<\/p>\n<h2 style=\"text-align: center;\"><strong>F\u00fcr mich ist es jeden Tag ein Geschenk diese<\/strong><\/h2>\n<h2 style=\"text-align: center;\"><strong> Behandlungsmethode anwenden zu k\u00f6nnen.<\/strong><\/h2>\n<p>[\/et_pb_text][\/et_pb_column][\/et_pb_row][\/et_pb_section]<\/p>\n","protected":false},"excerpt":{"rendered":"<p>\u00dcber mich \u2013 Evelyn KusanMit Goldimplantaten sind schmerzbedingte Probleme zu l\u00f6sen, die mit Schulmedizin nicht zu l\u00f6sen sind. Ich habe mich schon immer neben der Medizin auch f\u00fcr alternative Heilverfahren interessiert. Die andere Sicht und Herangehensweise auf Erkrankungen faszinierte mich. Die Akupunkturausbildung f\u00fchrte mich zum Thema Schmerzbehandlung und sp\u00e4ter zu den Goldimplantaten. Die Goldimplantation ist [&hellip;]<\/p>\n","protected":false},"author":1,"featured_media":0,"parent":0,"menu_order":0,"comment_status":"closed","ping_status":"closed","template":"","meta":{"_acf_changed":false,"_et_pb_use_builder":"on","_et_pb_old_content":"","_et_gb_content_width":"","footnotes":""},"dipi_cpt_category":[],"class_list":["post-1381","page","type-page","status-publish","hentry"],"acf":[],"yoast_head":"<!-- This site is optimized with the Yoast SEO plugin v25.9 - https:\/\/yoast.com\/wordpress\/plugins\/seo\/ -->\n<title>Mein Weg zum Gold - Dr. Evelyn Kusan<\/title>\n<meta name=\"robots\" content=\"index, follow, max-snippet:-1, max-image-preview:large, max-video-preview:-1\" \/>\n<link rel=\"canonical\" href=\"https:\/\/www.tierarzt-kusan.de\/goldimplantation\/mein-weg-zum-gold\/\" \/>\n<meta property=\"og:locale\" content=\"de_DE\" \/>\n<meta property=\"og:type\" content=\"article\" \/>\n<meta property=\"og:title\" content=\"Mein Weg zum Gold - Dr. Evelyn Kusan\" \/>\n<meta property=\"og:description\" content=\"\u00dcber mich \u2013 Evelyn KusanMit Goldimplantaten sind schmerzbedingte Probleme zu l\u00f6sen, die mit Schulmedizin nicht zu l\u00f6sen sind. Ich habe mich schon immer neben der Medizin auch f\u00fcr alternative Heilverfahren interessiert. Die andere Sicht und Herangehensweise auf Erkrankungen faszinierte mich. Die Akupunkturausbildung f\u00fchrte mich zum Thema Schmerzbehandlung und sp\u00e4ter zu den Goldimplantaten. Die Goldimplantation ist [&hellip;]\" \/>\n<meta property=\"og:url\" content=\"https:\/\/www.tierarzt-kusan.de\/goldimplantation\/mein-weg-zum-gold\/\" \/>\n<meta property=\"og:site_name\" content=\"Dr. Evelyn Kusan\" \/>\n<meta property=\"article:modified_time\" content=\"2023-01-26T23:58:56+00:00\" \/>\n<script type=\"application\/ld+json\" class=\"yoast-schema-graph\">{\"@context\":\"https:\/\/schema.org\",\"@graph\":[{\"@type\":\"WebPage\",\"@id\":\"https:\/\/www.tierarzt-kusan.de\/goldimplantation\/mein-weg-zum-gold\/\",\"url\":\"https:\/\/www.tierarzt-kusan.de\/goldimplantation\/mein-weg-zum-gold\/\",\"name\":\"Mein Weg zum Gold - Dr. Evelyn Kusan\",\"isPartOf\":{\"@id\":\"https:\/\/www.tierarzt-kusan.de\/goldimplantation\/#website\"},\"datePublished\":\"2020-02-27T11:25:14+00:00\",\"dateModified\":\"2023-01-26T23:58:56+00:00\",\"breadcrumb\":{\"@id\":\"https:\/\/www.tierarzt-kusan.de\/goldimplantation\/mein-weg-zum-gold\/#breadcrumb\"},\"inLanguage\":\"de\",\"potentialAction\":[{\"@type\":\"ReadAction\",\"target\":[\"https:\/\/www.tierarzt-kusan.de\/goldimplantation\/mein-weg-zum-gold\/\"]}]},{\"@type\":\"BreadcrumbList\",\"@id\":\"https:\/\/www.tierarzt-kusan.de\/goldimplantation\/mein-weg-zum-gold\/#breadcrumb\",\"itemListElement\":[{\"@type\":\"ListItem\",\"position\":1,\"name\":\"Startseite\",\"item\":\"https:\/\/www.tierarzt-kusan.de\/goldimplantation\/\"},{\"@type\":\"ListItem\",\"position\":2,\"name\":\"Mein Weg zum Gold\"}]},{\"@type\":\"WebSite\",\"@id\":\"https:\/\/www.tierarzt-kusan.de\/goldimplantation\/#website\",\"url\":\"https:\/\/www.tierarzt-kusan.de\/goldimplantation\/\",\"name\":\"Dr. Evelyn Kusan\",\"description\":\"Schmerztherapie durch Goldimplantation\",\"potentialAction\":[{\"@type\":\"SearchAction\",\"target\":{\"@type\":\"EntryPoint\",\"urlTemplate\":\"https:\/\/www.tierarzt-kusan.de\/goldimplantation\/?s={search_term_string}\"},\"query-input\":{\"@type\":\"PropertyValueSpecification\",\"valueRequired\":true,\"valueName\":\"search_term_string\"}}],\"inLanguage\":\"de\"}]}<\/script>\n<!-- \/ Yoast SEO plugin. -->","yoast_head_json":{"title":"Mein Weg zum Gold - Dr. Evelyn Kusan","robots":{"index":"index","follow":"follow","max-snippet":"max-snippet:-1","max-image-preview":"max-image-preview:large","max-video-preview":"max-video-preview:-1"},"canonical":"https:\/\/www.tierarzt-kusan.de\/goldimplantation\/mein-weg-zum-gold\/","og_locale":"de_DE","og_type":"article","og_title":"Mein Weg zum Gold - Dr. Evelyn Kusan","og_description":"\u00dcber mich \u2013 Evelyn KusanMit Goldimplantaten sind schmerzbedingte Probleme zu l\u00f6sen, die mit Schulmedizin nicht zu l\u00f6sen sind. Ich habe mich schon immer neben der Medizin auch f\u00fcr alternative Heilverfahren interessiert. Die andere Sicht und Herangehensweise auf Erkrankungen faszinierte mich. Die Akupunkturausbildung f\u00fchrte mich zum Thema Schmerzbehandlung und sp\u00e4ter zu den Goldimplantaten. Die Goldimplantation ist [&hellip;]","og_url":"https:\/\/www.tierarzt-kusan.de\/goldimplantation\/mein-weg-zum-gold\/","og_site_name":"Dr. Evelyn Kusan","article_modified_time":"2023-01-26T23:58:56+00:00","schema":{"@context":"https:\/\/schema.org","@graph":[{"@type":"WebPage","@id":"https:\/\/www.tierarzt-kusan.de\/goldimplantation\/mein-weg-zum-gold\/","url":"https:\/\/www.tierarzt-kusan.de\/goldimplantation\/mein-weg-zum-gold\/","name":"Mein Weg zum Gold - Dr. Evelyn Kusan","isPartOf":{"@id":"https:\/\/www.tierarzt-kusan.de\/goldimplantation\/#website"},"datePublished":"2020-02-27T11:25:14+00:00","dateModified":"2023-01-26T23:58:56+00:00","breadcrumb":{"@id":"https:\/\/www.tierarzt-kusan.de\/goldimplantation\/mein-weg-zum-gold\/#breadcrumb"},"inLanguage":"de","potentialAction":[{"@type":"ReadAction","target":["https:\/\/www.tierarzt-kusan.de\/goldimplantation\/mein-weg-zum-gold\/"]}]},{"@type":"BreadcrumbList","@id":"https:\/\/www.tierarzt-kusan.de\/goldimplantation\/mein-weg-zum-gold\/#breadcrumb","itemListElement":[{"@type":"ListItem","position":1,"name":"Startseite","item":"https:\/\/www.tierarzt-kusan.de\/goldimplantation\/"},{"@type":"ListItem","position":2,"name":"Mein Weg zum Gold"}]},{"@type":"WebSite","@id":"https:\/\/www.tierarzt-kusan.de\/goldimplantation\/#website","url":"https:\/\/www.tierarzt-kusan.de\/goldimplantation\/","name":"Dr. Evelyn Kusan","description":"Schmerztherapie durch Goldimplantation","potentialAction":[{"@type":"SearchAction","target":{"@type":"EntryPoint","urlTemplate":"https:\/\/www.tierarzt-kusan.de\/goldimplantation\/?s={search_term_string}"},"query-input":{"@type":"PropertyValueSpecification","valueRequired":true,"valueName":"search_term_string"}}],"inLanguage":"de"}]}},"_links":{"self":[{"href":"https:\/\/www.tierarzt-kusan.de\/goldimplantation\/wp-json\/wp\/v2\/pages\/1381","targetHints":{"allow":["GET"]}}],"collection":[{"href":"https:\/\/www.tierarzt-kusan.de\/goldimplantation\/wp-json\/wp\/v2\/pages"}],"about":[{"href":"https:\/\/www.tierarzt-kusan.de\/goldimplantation\/wp-json\/wp\/v2\/types\/page"}],"author":[{"embeddable":true,"href":"https:\/\/www.tierarzt-kusan.de\/goldimplantation\/wp-json\/wp\/v2\/users\/1"}],"replies":[{"embeddable":true,"href":"https:\/\/www.tierarzt-kusan.de\/goldimplantation\/wp-json\/wp\/v2\/comments?post=1381"}],"version-history":[{"count":8,"href":"https:\/\/www.tierarzt-kusan.de\/goldimplantation\/wp-json\/wp\/v2\/pages\/1381\/revisions"}],"predecessor-version":[{"id":2656,"href":"https:\/\/www.tierarzt-kusan.de\/goldimplantation\/wp-json\/wp\/v2\/pages\/1381\/revisions\/2656"}],"wp:attachment":[{"href":"https:\/\/www.tierarzt-kusan.de\/goldimplantation\/wp-json\/wp\/v2\/media?parent=1381"}],"wp:term":[{"taxonomy":"dipi_cpt_category","embeddable":true,"href":"https:\/\/www.tierarzt-kusan.de\/goldimplantation\/wp-json\/wp\/v2\/dipi_cpt_category?post=1381"}],"curies":[{"name":"wp","href":"https:\/\/api.w.org\/{rel}","templated":true}]}}